{"id":1171,"date":"2026-03-03T16:38:06","date_gmt":"2026-03-03T22:38:06","guid":{"rendered":"https:\/\/qualitassegurosautos.com\/articulos\/?page_id=1171"},"modified":"2026-03-03T16:51:20","modified_gmt":"2026-03-03T22:51:20","slug":"aviso-de-privacidad","status":"publish","type":"page","link":"https:\/\/qualitassegurosautos.com\/articulos\/aviso-de-privacidad\/","title":{"rendered":"Aviso de privacidad"},"content":{"rendered":"<p><b>AVISO DE PRIVACIDAD INTEGRAL<\/b><\/p>\n<p><span style=\"font-weight: 400;\">CLIENTES<\/span><\/p>\n<p><b>\u00daltima actualizaci\u00f3n:<\/b><span style=\"font-weight: 400;\"> abril de 2025.<\/span><\/p>\n<ul>\n<li style=\"font-weight: 400;\" aria-level=\"1\"><b>IDENTIDAD Y DOMICILIO DEL RESPONSABLE QUE TRATA LOS DATOS PERSONALES<\/b><\/li>\n<\/ul>\n<p><span style=\"font-weight: 400;\">\u201c FITNEX, S. de R.L. de CV. en lo sucesivo la \u201c<\/span><b><i>Sociedad<\/i><\/b><span style=\"font-weight: 400;\">\u201d, con domicilio en M\u00e9xico-Tacuba 815,piso 3, despacho 01, Miguel Hidalgo, 11410 Ciudad de M\u00e9xico, es responsable de la obtenci\u00f3n, uso, divulgaci\u00f3n o almacenamiento de los datos personales que le son proporcionados por usted, raz\u00f3n por la que ponen a su disposici\u00f3n el presente aviso de privacidad por ser titular de dichos datos. Derivado de lo anterior \u201c<\/span><b><i>Sociedad<\/i><\/b><span style=\"font-weight: 400;\">\u201d se compromete a proteger sus datos personales a trav\u00e9s de una aplicaci\u00f3n tecnol\u00f3gica, dando estricto cumplimiento a los principios de informaci\u00f3n, licitud, consentimiento, calidad, finalidad, lealtad, proporcionalidad y responsabilidad establecidos por la Ley, y darle a conocer a usted sobre la existencia y caracter\u00edsticas principales del tratamiento al que ser\u00e1n sometidos sus datos personales y est\u00e9 usted en condiciones de ejercer sus derechos a la autodeterminaci\u00f3n informativa, privacidad y protecci\u00f3n de datos personales.<\/span><\/p>\n<ul>\n<li style=\"font-weight: 400;\" aria-level=\"1\"><b>LOS DATOS PERSONALES QUE SER\u00c1N SOMETIDOS A TRATAMIENTO<\/b><\/li>\n<\/ul>\n<p><span style=\"font-weight: 400;\">Para llevar a cabo las finalidades descritas en el presente aviso de privacidad, utilizaremos los siguientes datos:<\/span><\/p>\n<ul>\n<li style=\"font-weight: 400;\" aria-level=\"1\"><span style=\"font-weight: 400;\">Nombre<\/span><\/li>\n<li style=\"font-weight: 400;\" aria-level=\"1\"><span style=\"font-weight: 400;\">Estado Civil<\/span><\/li>\n<li style=\"font-weight: 400;\" aria-level=\"1\"><span style=\"font-weight: 400;\">Registro Federal de Contribuyentes (RFC)<\/span><\/li>\n<li style=\"font-weight: 400;\" aria-level=\"1\"><span style=\"font-weight: 400;\">Clave \u00fanica de Registro de Poblaci\u00f3n (CURP)<\/span><\/li>\n<li style=\"font-weight: 400;\" aria-level=\"1\"><span style=\"font-weight: 400;\">Lugar de nacimiento<\/span><\/li>\n<li style=\"font-weight: 400;\" aria-level=\"1\"><span style=\"font-weight: 400;\">Fecha de nacimiento<\/span><\/li>\n<li style=\"font-weight: 400;\" aria-level=\"1\"><span style=\"font-weight: 400;\">Nacionalidad<\/span><\/li>\n<li style=\"font-weight: 400;\" aria-level=\"1\"><span style=\"font-weight: 400;\">Domicilio<\/span><\/li>\n<li style=\"font-weight: 400;\" aria-level=\"1\"><span style=\"font-weight: 400;\">Tel\u00e9fono particular<\/span><\/li>\n<li style=\"font-weight: 400;\" aria-level=\"1\"><span style=\"font-weight: 400;\">Tel\u00e9fono celular<\/span><\/li>\n<li style=\"font-weight: 400;\" aria-level=\"1\"><span style=\"font-weight: 400;\">Correo electr\u00f3nico<\/span><\/li>\n<li style=\"font-weight: 400;\" aria-level=\"1\"><span style=\"font-weight: 400;\">Firma aut\u00f3grafa<\/span><\/li>\n<li style=\"font-weight: 400;\" aria-level=\"1\"><span style=\"font-weight: 400;\">Edad<\/span><\/li>\n<li style=\"font-weight: 400;\" aria-level=\"1\"><span style=\"font-weight: 400;\">Domicilio de trabajo<\/span><\/li>\n<li style=\"font-weight: 400;\" aria-level=\"1\"><span style=\"font-weight: 400;\">Cuentas bancarias<\/span><\/li>\n<li style=\"font-weight: 400;\" aria-level=\"1\"><span style=\"font-weight: 400;\">N\u00famero de tarjetas de cr\u00e9dito<\/span><\/li>\n<\/ul>\n<ul>\n<li style=\"font-weight: 400;\" aria-level=\"1\"><b>DATOS PERSONALES SENSIBLES QUE SE TRATAR\u00c1N<\/b><\/li>\n<\/ul>\n<p><span style=\"font-weight: 400;\">Adem\u00e1s de los datos personales mencionados anteriormente, para las finalidades primarias, que se informan en el presente aviso de privacidad utilizaremos los siguientes datos personales considerados como sensibles, que requieren de especial protecci\u00f3n:<\/span><\/p>\n<ul>\n<li style=\"font-weight: 400;\" aria-level=\"1\"><span style=\"font-weight: 400;\">De salud.<\/span><\/li>\n<li style=\"font-weight: 400;\" aria-level=\"1\"><span style=\"font-weight: 400;\">De caracter\u00edsticas f\u00edsicas.<\/span><\/li>\n<li style=\"font-weight: 400;\" aria-level=\"1\"><span style=\"font-weight: 400;\">De patrimonio<\/span><\/li>\n<\/ul>\n<p><span style=\"font-weight: 400;\">Cuando se trate de datos personales considerados por la Ley como sensibles, para su tratamiento, \u201c<\/span><b><i>Sociedad<\/i><\/b><span style=\"font-weight: 400;\">\u201d recabar\u00e1 el consentimiento respectivo por escrito o por v\u00eda electr\u00f3nica.<\/span><\/p>\n<ul>\n<li style=\"font-weight: 400;\" aria-level=\"1\"><b>FINALIDADES DEL TRATAMIENTO DE DATOS<\/b><\/li>\n<\/ul>\n<p><span style=\"font-weight: 400;\">Los datos recabados, son recopilados por fuentes permitidas por la ley o los que se generen por medio de contrato, convenio o relaci\u00f3n jur\u00eddica entre \u201c<\/span><b><i>Sociedad<\/i><\/b><span style=\"font-weight: 400;\">\u201d y usted, y ser\u00e1n utilizados para las siguientes finalidades:<\/span><\/p>\n<p><b>Finalidades Necesarias:<\/b><\/p>\n<ul>\n<li style=\"font-weight: 400;\" aria-level=\"1\"><span style=\"font-weight: 400;\">Identificaci\u00f3n del titular.<\/span><\/li>\n<li style=\"font-weight: 400;\" aria-level=\"1\"><span style=\"font-weight: 400;\">Inclusi\u00f3n en el cat\u00e1logo de clientes<\/span><\/li>\n<li style=\"font-weight: 400;\" aria-level=\"1\"><span style=\"font-weight: 400;\">Realizar actividades de intermediaci\u00f3n de seguros o de fianzas.<\/span><\/li>\n<li style=\"font-weight: 400;\" aria-level=\"1\"><span style=\"font-weight: 400;\">Evaluar su solicitud de seguro, analizar riesgos, identificar riesgos ocultos o no previstos; cotizar servicios, identificar, operar, administrar, dictaminar, tramitar sus siniestros.<\/span><\/li>\n<li style=\"font-weight: 400;\" aria-level=\"1\"><span style=\"font-weight: 400;\">Para realizar venta de productos y servicios en l\u00ednea, administraci\u00f3n o cobranza a trav\u00e9s de medios electr\u00f3nicos.<\/span><\/li>\n<li style=\"font-weight: 400;\" aria-level=\"1\"><span style=\"font-weight: 400;\">Cobranza en cualquiera de sus fases, de productos contratados<\/span><\/li>\n<li style=\"font-weight: 400;\" aria-level=\"1\"><span style=\"font-weight: 400;\">Brindarle la informaci\u00f3n respectiva en seguimiento a reclamaciones de pago del seguro.<\/span><\/li>\n<li style=\"font-weight: 400;\" aria-level=\"1\"><span style=\"font-weight: 400;\">Evaluaci\u00f3n de p\u00e9rdidas potenciales.<\/span><\/li>\n<li style=\"font-weight: 400;\" aria-level=\"1\"><span style=\"font-weight: 400;\">Prevenci\u00f3n de fraudes y de operaciones il\u00edcitas.<\/span><\/li>\n<li style=\"font-weight: 400;\" aria-level=\"1\"><span style=\"font-weight: 400;\">Negociaci\u00f3n y colocaci\u00f3n ante otras aseguradoras y afianzadoras.<\/span><\/li>\n<li style=\"font-weight: 400;\" aria-level=\"1\"><span style=\"font-weight: 400;\">Atender cualquier queja, pregunta o comentario.<\/span><\/li>\n<li style=\"font-weight: 400;\" aria-level=\"1\"><span style=\"font-weight: 400;\">Para que las Instituciones de Seguros y de Fianzas, realicen la cotizaci\u00f3n de seguros o fianzas, y para el cumplimiento de obligaciones derivadas de la contrataci\u00f3n de seguros y sus renovaciones.<\/span><\/li>\n<li style=\"font-weight: 400;\" aria-level=\"1\"><span style=\"font-weight: 400;\">Cumplir con las obligaciones derivadas de los contratos de seguros y\/o fianzas y\/o similares celebrados entre el titular de los datos personales y \u201c<\/span><b><i>Sociedad<\/i><\/b><span style=\"font-weight: 400;\">\u201d.<\/span><\/li>\n<li style=\"font-weight: 400;\" aria-level=\"1\"><span style=\"font-weight: 400;\">Cumplir con cualquier obligaci\u00f3n derivada de una relaci\u00f3n jur\u00eddica presente o futura entre el titular de los datos personales y \u201c<\/span><i><span style=\"font-weight: 400;\">Sociedad<\/span><\/i><span style=\"font-weight: 400;\">\u201d.<\/span><\/li>\n<\/ul>\n<p><b>Finalidades Secundarias:<\/b><\/p>\n<p><span style=\"font-weight: 400;\">Tambi\u00e9n se utilizar\u00e1n sus datos para las siguientes finalidades secundarias o que no son necesarias para la existencia, mantenimiento y cumplimiento de la relaci\u00f3n jur\u00eddica que tenemos con usted como titular de los datos:<\/span><\/p>\n<ul>\n<li style=\"font-weight: 400;\" aria-level=\"1\"><span style=\"font-weight: 400;\">Ofrecimiento y promoci\u00f3n de productos y\/o servicios adicionales de seguros y\/o fianzas y\/o similares.<\/span><\/li>\n<li style=\"font-weight: 400;\" aria-level=\"1\"><span style=\"font-weight: 400;\">Informar sobre cambios o nuevos productos o servicios que est\u00e9n relacionados con el contratado o adquirido por el titular de los datos personales.<\/span><\/li>\n<li style=\"font-weight: 400;\" aria-level=\"1\"><span style=\"font-weight: 400;\">Realizar encuestas sobre el servicio contratado.<\/span><\/li>\n<li style=\"font-weight: 400;\" aria-level=\"1\"><span style=\"font-weight: 400;\">Realizar estudios internos sobre h\u00e1bitos de consumo.<\/span><\/li>\n<li style=\"font-weight: 400;\" aria-level=\"1\"><span style=\"font-weight: 400;\">Investigaci\u00f3n y desarrollo de nuevos productos o servicios.<\/span><\/li>\n<li style=\"font-weight: 400;\" aria-level=\"1\"><span style=\"font-weight: 400;\">Generar datos estad\u00edsticos y evaluar la calidad del servicio.<\/span><\/li>\n<li style=\"font-weight: 400;\" aria-level=\"1\"><span style=\"font-weight: 400;\">Mercadotecnia o publicidad, y realizar gestiones de difusi\u00f3n para futuras compras de nuestros productos y prospecci\u00f3n comercial.<\/span><\/li>\n<\/ul>\n<ul>\n<li style=\"font-weight: 400;\" aria-level=\"1\"><b>MECANISMOS PARA QUE EL TITULAR PUEDA MANIFESTAR SU NEGATIVA PARA EL TRATAMIENTO DE SUS DATOS PERSONALES<\/b><\/li>\n<\/ul>\n<p><span style=\"font-weight: 400;\">En caso de que no desee que sus datos personales sean tratados para las finalidades secundarias (no necesarias, ni dieron origen a la relaci\u00f3n jur\u00eddica) mencionadas anteriormente, usted puede manifestar su negativa a trav\u00e9s del correo<\/span><span style=\"font-weight: 400;\">derechosarco@fitnext.mx<\/span><span style=\"font-weight: 400;\">\u00a0<\/span><\/p>\n<p><span style=\"font-weight: 400;\">Si usted no manifiesta su negativa para que sus datos personales sean tratados en los t\u00e9rminos del presente aviso de privacidad, se entender\u00e1 que ha otorgado su consentimiento para ello.<\/span><\/p>\n<p><span style=\"font-weight: 400;\">La negativa para el uso de sus datos personales para las finalidades secundarias no podr\u00e1 ser un motivo para que le neguemos los servicios y productos que solicita o contrata con nosotros.<\/span><\/p>\n<ul>\n<li style=\"font-weight: 400;\" aria-level=\"1\"><b>TRANSFERENCIAS DE DATOS PERSONALES<\/b><\/li>\n<\/ul>\n<p><span style=\"font-weight: 400;\">Nos comprometemos a no transferir su informaci\u00f3n personal a terceros sin su consentimiento, con la excepci\u00f3n de lo dispuesto por el art\u00edculo 37 de la Ley Federal de Protecci\u00f3n de Datos Personales en Posesi\u00f3n de Particulares.<\/span><\/p>\n<p><span style=\"font-weight: 400;\">As\u00ed mismo, le informamos que sus datos personales pueden ser transferidos y tratados dentro y fuera del pa\u00eds, con las empresas del sector asegurador y\/o afianzador, particularmente con Agentes de Seguros e Instituciones de Seguros y de Fianzas, as\u00ed como filiales, subsidiarias y partes relacionadas para cotizaci\u00f3n de seguros o fianzas, y para el cumplimiento de obligaciones derivadas de la contrataci\u00f3n de seguros y sus renovaciones.<\/span><\/p>\n<p><span style=\"font-weight: 400;\">Conforme lo que estipula la ley en los diferentes ordenamientos jur\u00eddicos, se autorizan a compartir tus datos en los siguientes casos: Cuando dicha transferencia de informaci\u00f3n se efect\u00fae con terceros o sus partes relacionadas, para dar cumplimiento a los servicios o gestiones u obligaciones pactadas con el titular; en los casos que lo exija la ley, o la procuraci\u00f3n o administraci\u00f3n de justicia; cuando el titular de dicha informaci\u00f3n otorgue su consentimiento de forma expresa.<\/span><\/p>\n<p><span style=\"font-weight: 400;\">Si usted no manifiesta su negativa a trav\u00e9s del correo electr\u00f3nico <\/span><span style=\"font-weight: 400;\">derechosarco@fitnext.mx<\/span><span style=\"font-weight: 400;\"> , para que sus datos personales sean tratados en los t\u00e9rminos del presente aviso de privacidad, se entender\u00e1 que ha otorgado su consentimiento para ello.<\/span><\/p>\n<p><span style=\"font-weight: 400;\">Los terceros que reciban la Informaci\u00f3n deber\u00e1n asumir previamente y por escrito, las mismas obligaciones respecto del manejo y cuidado de la Informaci\u00f3n que se establecen en este Aviso de Privacidad.<\/span><\/p>\n<ul>\n<li style=\"font-weight: 400;\" aria-level=\"1\"><b>MEDIOS Y EL PROCEDIMIENTO PARA EJERCER LOS DERECHOS ARCO<\/b><\/li>\n<\/ul>\n<p><span style=\"font-weight: 400;\">Tiene derecho a saber que datos personales son los que empleamos, para que los utilizamos y las condiciones del uso que les damos y para tal efecto, usted ejercer sus <\/span><b>DERECHOS ARCO<\/b><span style=\"font-weight: 400;\"> que por sus siglas significa <\/span><b>ACCESO, RECTIFICACI\u00d3N CANCELACI\u00d3N U OPOSICI\u00d3N (ARCO).<\/b><\/p>\n<p><b>El derecho de acceso: <\/b><span style=\"font-weight: 400;\">se refiere al derecho que tienen los titulares de los datos personales a acceder a sus datos que obren en poder de la persona que los recab\u00f3. Este derecho se refiere tambi\u00e9n al derecho que tiene el titular de conocer el aviso de privacidad al que est\u00e1 sujeto.<\/span><\/p>\n<p><b>El derecho de rectificaci\u00f3n: <\/b><span style=\"font-weight: 400;\">es el derecho que tiene el titular de los datos personales a rectificar cuando sean inexactos o incompletos.<\/span><\/p>\n<p><b>El derecho de cancelaci\u00f3n: <\/b><span style=\"font-weight: 400;\">es el derecho que tiene el titular de los datos personales para que sus datos sean bloqueados y suprimidos.<\/span><\/p>\n<p><b>El derecho de oposici\u00f3n: <\/b><span style=\"font-weight: 400;\">es el derecho que tiene el titular de los datos personales para oponerse a que sus datos sean tratados.<\/span><\/p>\n<p><span style=\"font-weight: 400;\">El titular de los datos personales en cualquier momento podr\u00e1 solicitar el acceso, rectificaci\u00f3n, cancelaci\u00f3n u oposici\u00f3n por medio de una solicitud y conforme al siguiente procedimiento:<\/span><\/p>\n<p><span style=\"font-weight: 400;\">La solicitud de acceso, rectificaci\u00f3n, cancelaci\u00f3n u oposici\u00f3n deber\u00e1 contener y acompa\u00f1arse de lo siguiente:<\/span><\/p>\n<ul>\n<li style=\"font-weight: 400;\" aria-level=\"1\"><span style=\"font-weight: 400;\">El nombre del titular y domicilio u otro medio para comunicarle la respuesta a su solicitud;<\/span><\/li>\n<li style=\"font-weight: 400;\" aria-level=\"1\"><span style=\"font-weight: 400;\">Los documentos que acrediten la identidad o, en su caso, la representaci\u00f3n legal del titular;<\/span><\/li>\n<li style=\"font-weight: 400;\" aria-level=\"1\"><span style=\"font-weight: 400;\">La descripci\u00f3n clara y precisa de los datos personales respecto de los que se busca ejercer alguno de los derechos antes mencionados, y<\/span><\/li>\n<li style=\"font-weight: 400;\" aria-level=\"1\"><span style=\"font-weight: 400;\">Cualquier otro elemento o documento que facilite la localizaci\u00f3n de los datos personales.<\/span><\/li>\n<\/ul>\n<p><span style=\"font-weight: 400;\">La solicitud respectiva deber\u00e1 ser enviada a nuestras oficinas ubicadas en M\u00e9xico-Tacuba 815, Miguel Hidalgo, piso 3, despacho 01 11410 Ciudad de M\u00e9xico, o por correo electr\u00f3nico a<\/span><span style=\"font-weight: 400;\">derechosarco@fitnext.mx<\/span><\/p>\n<p><span style=\"font-weight: 400;\">La \u201c<\/span><b><i>Sociedad<\/i><\/b><span style=\"font-weight: 400;\">\u201d como responsable comunicar\u00e1 al titular, en un plazo m\u00e1ximo de 20 (veinte) d\u00edas, contados desde la fecha en que se recibi\u00f3 la solicitud la determinaci\u00f3n adoptada, a efecto de que, si resulta procedente, se haga efectiva la misma dentro de los 15 (quince) d\u00edas siguientes a la fecha en que se comunica la respuesta. Trat\u00e1ndose de solicitudes de acceso a datos personales proceder\u00e1n la entrega previa acreditaci\u00f3n de la identidad del solicitante o representante legal, seg\u00fan corresponda.<\/span><\/p>\n<p><span style=\"font-weight: 400;\">Los plazos antes referidos podr\u00e1n ser ampliados una sola vez por un periodo igual, siempre y cuando as\u00ed lo justifiquen las circunstancias del caso.<\/span><\/p>\n<p><span style=\"font-weight: 400;\">La entrega de los datos ser\u00e1 gratuita, debiendo el titular cubrir \u00fanicamente los gastos justificados de env\u00edo o el costo de reproducci\u00f3n de copias u otros formatos.<\/span><\/p>\n<ul>\n<li style=\"font-weight: 400;\" aria-level=\"1\"><b>Conservaci\u00f3n de los datos personales<\/b><\/li>\n<\/ul>\n<p><span style=\"font-weight: 400;\">Bloquearemos sus datos personales, una vez cumplida la finalidad para la cual fueron recabados, sin embargo, se conservar\u00e1n con el \u00fanico prop\u00f3sito de determinar posibles responsabilidades en relaci\u00f3n con su tratamiento, hasta el plazo de prescripci\u00f3n legal o contractual de \u00e9stos. Durante dicho periodo, los datos personales no podr\u00e1n ser objeto de tratamiento y transcurrido \u00e9ste, se proceder\u00e1 a su cancelaci\u00f3n en la base de datos que corresponda.<\/span><\/p>\n<ul>\n<li style=\"font-weight: 400;\" aria-level=\"1\"><b>MECANISMOS Y PROCEDIMIENTOS PARA QUE, EL TITULAR PUEDA REVOCAR SU CONSENTIMIENTO AL TRATAMIENTO DE SUS DATOS PERSONALES<\/b><\/li>\n<\/ul>\n<p><span style=\"font-weight: 400;\">Usted puede revocar el consentimiento que, en su caso, nos haya otorgado para el tratamiento de sus datos personales. Sin embargo, es importante que tenga en cuenta que no en todos los casos podremos atender su solicitud o concluir el uso de forma inmediata, ya que es posible que por alguna obligaci\u00f3n legal requiramos seguir tratando sus datos personales. Asimismo, usted deber\u00e1 considerar que, para ciertos fines, la revocaci\u00f3n de su consentimiento implicar\u00e1 que no le podamos seguir prestando el servicio que nos solicit\u00f3, o la conclusi\u00f3n de su relaci\u00f3n con nosotros. Los medios por los cuales deber\u00e1 de realizar su solicitud son los siguientes<\/span><\/p>\n<p><span style=\"font-weight: 400;\">La solicitud respectiva deber\u00e1 ser enviada a nuestras oficinas ubicadas en M\u00e9xico-Tacuba 815, Miguel Hidalgo, piso 3, despacho 01, 11410 Ciudad de M\u00e9xico, o por correo electr\u00f3nico a<\/span><span style=\"font-weight: 400;\">derechosarco@fitnext.mx<\/span><\/p>\n<p><span style=\"font-weight: 400;\">La \u201c<\/span><b><i>Sociedad<\/i><\/b><span style=\"font-weight: 400;\">\u201d como responsable comunicar\u00e1 al titular, en un plazo m\u00e1ximo de 20 (veinte) d\u00edas, contados desde la fecha en que se recibi\u00f3 la solicitud la determinaci\u00f3n adoptada, a efecto de que, si resulta procedente, se haga efectiva la misma dentro de los 15 (quince) d\u00edas siguientes a la fecha en que se comunica la respuesta. Trat\u00e1ndose de solicitudes de acceso a datos personales proceder\u00e1n la entrega previa acreditaci\u00f3n de la identidad del solicitante o representante legal, seg\u00fan corresponda.<\/span><\/p>\n<p><span style=\"font-weight: 400;\">Los plazos antes referidos podr\u00e1n ser ampliados una sola vez por un periodo igual, siempre y cuando as\u00ed lo justifiquen las circunstancias del caso.<\/span><\/p>\n<p><span style=\"font-weight: 400;\">La entrega de los datos ser\u00e1 gratuita, debiendo el titular cubrir \u00fanicamente los gastos justificados de env\u00edo o el costo de reproducci\u00f3n de copias u otros formatos.<\/span><\/p>\n<ul>\n<li style=\"font-weight: 400;\" aria-level=\"1\"><b>OPCIONES Y MEDIOS QUE SE OFRECEN PARA LIMITAR EL USO O DIVULGACI\u00d3N DE LOS DATOS PERSONALES<\/b><\/li>\n<\/ul>\n<p><span style=\"font-weight: 400;\">Con objeto de que usted pueda limitar el uso y divulgaci\u00f3n de su informaci\u00f3n personal, usted puede acudir a nuestro domicilio ubicado en M\u00e9xico-Tacuba 815, piso 3, despacho 01, Miguel Hidalgo, 11410 Ciudad de M\u00e9xico , o enviar un correo electr\u00f3nico <\/span><span style=\"font-weight: 400;\">derechosarco@fitnext.mx<\/span><span style=\"font-weight: 400;\">\u00a0<\/span><\/p>\n<p><span style=\"font-weight: 400;\">Tambi\u00e9n usted puede dejar de recibir mensajes promocionales de nuestra parte enviando un correo electr\u00f3nico a la direcci\u00f3n de correo antes indicada.<\/span><\/p>\n<ul>\n<li style=\"font-weight: 400;\" aria-level=\"1\"><b>LA INFORMACI\u00d3N SOBRE EL USO DE COOKIES<\/b><\/li>\n<\/ul>\n<p><span style=\"font-weight: 400;\">La cookie es una breve informaci\u00f3n que el portal de internet env\u00eda a tu computadora, la cual queda almacenada en el disco duro, la pr\u00f3xima vez que ingreses a nuestro portal, podremos usar la informaci\u00f3n almacenada en la cookie para facilitarte el uso de nuestro sitio de internet. Por ejemplo, podemos usar una cookie para almacenar una contrase\u00f1a para que no tenga que ingresarla de nuevo cada vez que te traslades a una secci\u00f3n diferente de nuestro portal de internet. Una cookie no nos permite conocer tu identidad personal a menos que expresamente elijas proporcionarnoslo. La mayor\u00eda de las cookies expiran despu\u00e9s de un periodo determinado de tiempo, o bien las puedes borrar en el momento que lo desees siguiendo las instrucciones de tu navegador de internet. Asimismo, puedes hacer que tu navegador te avise cuando recibes una cookie de manera que puedas aceptarlas o rechazarlas siguiendo las instrucciones de tu navegador de internet.<\/span><\/p>\n<ul>\n<li style=\"font-weight: 400;\" aria-level=\"1\"><b>SU CONSENTIMIENTO PARA EL TRATAMIENTO DE SUS DATOS PERSONALES<\/b><\/li>\n<\/ul>\n<p><span style=\"font-weight: 400;\">Si este aviso de privacidad no se le da a conocer de manera directa o personal, usted tiene un plazo de 5 (cinco) d\u00edas h\u00e1biles para oponerse al tratamiento y transferencia de sus datos para los fines indicados, utilizando los mismos medios mencionados anteriormente en este aviso.<\/span><\/p>\n<p><span style=\"font-weight: 400;\">Se entender\u00e1 que el Titular consiente t\u00e1citamente el tratamiento de su informaci\u00f3n personal en los t\u00e9rminos indicados en el presente Aviso de Privacidad si no manifiesta su oposici\u00f3n al mismo en los t\u00e9rminos indicados con anterioridad. Para m\u00e1s informaci\u00f3n al respecto usted puede enviar un correo electr\u00f3nico a <\/span><span style=\"font-weight: 400;\">derechosarco@fitnext.mx<\/span><span style=\"font-weight: 400;\">\u00a0<\/span><\/p>\n<ul>\n<li style=\"font-weight: 400;\" aria-level=\"1\"><b>LOS PROCEDIMIENTOS Y MEDIOS A TRAV\u00c9S DE LOS CUALES EL RESPONSABLE COMUNICAR\u00c1 A LOS TITULARES LOS CAMBIOS AL AVISO DE PRIVACIDAD<\/b><\/li>\n<\/ul>\n<p><span style=\"font-weight: 400;\">Nos reservamos el derecho de efectuar en cualquier momento modificaciones o actualizaciones al presente aviso de privacidad, para la atenci\u00f3n de novedades legislativas, pol\u00edticas internas o nuevos requerimientos para la prestaci\u00f3n u ofrecimiento de nuestros servicios o productos.<\/span><\/p>\n<p><span style=\"font-weight: 400;\">El aviso de privacidad, as\u00ed como los cambios o actualizaciones al mismo est\u00e1n disponibles en nuestras oficinas ubicadas en M\u00e9xico-Tacuba 815, piso 3, despacho 01, Miguel Hidalgo, 11410 Ciudad de M\u00e9xico, en el presente \u00a0 sitio web, en el apartado de \u201cAviso de Privacidad\u201d o bien puede solicitarlo por correo electr\u00f3nico a<\/span><span style=\"font-weight: 400;\">derechosarco@fitnext.mx<\/span><span style=\"font-weight: 400;\">\u00a0<\/span><\/p>\n<p><span style=\"font-weight: 400;\">Con independencia de lo anterior mencionado se hace del conocimiento al titular de los datos aqu\u00ed recabados que en cualquier momento tiene el inalienable derecho de acudir al INAI en caso de considerar que ha sido vulnerado su derecho a la protecci\u00f3n de datos personales.<\/span><\/p>\n<p>&nbsp;<\/p>\n","protected":false},"excerpt":{"rendered":"<p>AVISO DE PRIVACIDAD INTEGRAL CLIENTES \u00daltima actualizaci\u00f3n: abril de 2025. IDENTIDAD Y DOMICILIO DEL RESPONSABLE QUE TRATA LOS DATOS PERSONALES \u201c FITNEX, S. de R.L. de CV. en lo sucesivo la \u201cSociedad\u201d, con domicilio en M\u00e9xico-Tacuba 815,piso 3, despacho 01, Miguel Hidalgo, 11410 Ciudad de M\u00e9xico, es responsable de la obtenci\u00f3n, uso, divulgaci\u00f3n o almacenamiento [&hellip;]<\/p>\n","protected":false},"author":14,"featured_media":0,"parent":0,"menu_order":0,"comment_status":"closed","ping_status":"closed","template":"template-gral\/page-type-page.php","meta":{"footnotes":""},"class_list":["post-1171","page","type-page","status-publish","hentry"],"_links":{"self":[{"href":"https:\/\/qualitassegurosautos.com\/articulos\/wp-json\/wp\/v2\/pages\/1171","targetHints":{"allow":["GET"]}}],"collection":[{"href":"https:\/\/qualitassegurosautos.com\/articulos\/wp-json\/wp\/v2\/pages"}],"about":[{"href":"https:\/\/qualitassegurosautos.com\/articulos\/wp-json\/wp\/v2\/types\/page"}],"author":[{"embeddable":true,"href":"https:\/\/qualitassegurosautos.com\/articulos\/wp-json\/wp\/v2\/users\/14"}],"replies":[{"embeddable":true,"href":"https:\/\/qualitassegurosautos.com\/articulos\/wp-json\/wp\/v2\/comments?post=1171"}],"version-history":[{"count":2,"href":"https:\/\/qualitassegurosautos.com\/articulos\/wp-json\/wp\/v2\/pages\/1171\/revisions"}],"predecessor-version":[{"id":1173,"href":"https:\/\/qualitassegurosautos.com\/articulos\/wp-json\/wp\/v2\/pages\/1171\/revisions\/1173"}],"wp:attachment":[{"href":"https:\/\/qualitassegurosautos.com\/articulos\/wp-json\/wp\/v2\/media?parent=1171"}],"curies":[{"name":"wp","href":"https:\/\/api.w.org\/{rel}","templated":true}]}}